{"id":1505,"date":"2023-05-02T17:28:00","date_gmt":"2023-05-02T17:28:00","guid":{"rendered":"https:\/\/villargarcia.com\/?page_id=1505"},"modified":"2024-08-15T17:20:55","modified_gmt":"2024-08-15T17:20:55","slug":"blog","status":"publish","type":"page","link":"https:\/\/villargarcia.com\/en\/blog\/","title":{"rendered":"Blog"},"content":{"rendered":"<div data-elementor-type=\"wp-page\" data-elementor-id=\"1505\" class=\"elementor elementor-1505\" data-elementor-post-type=\"page\">\n\t\t\t\t\t\t<section class=\"elementor-section elementor-top-section elementor-element elementor-element-447efe6 elementor-section-boxed elementor-section-height-default elementor-section-height-default\" data-id=\"447efe6\" data-element_type=\"section\" data-e-type=\"section\">\n\t\t\t\t\t\t<div class=\"elementor-container elementor-column-gap-default\">\n\t\t\t\t\t<div class=\"elementor-column elementor-col-100 elementor-top-column elementor-element elementor-element-427631b\" data-id=\"427631b\" data-element_type=\"column\" data-e-type=\"column\">\n\t\t\t<div class=\"elementor-widget-wrap elementor-element-populated\">\n\t\t\t\t\t\t<div class=\"elementor-element elementor-element-8eb1129 elementor-widget elementor-widget-heading\" data-id=\"8eb1129\" data-element_type=\"widget\" data-e-type=\"widget\" data-widget_type=\"heading.default\">\n\t\t\t\t<div class=\"elementor-widget-container\">\n\t\t\t\t\t<h2 class=\"elementor-heading-title elementor-size-default\">BLOG<\/h2>\t\t\t\t<\/div>\n\t\t\t\t<\/div>\n\t\t\t\t<div class=\"elementor-element elementor-element-b04c2c6 elementor-grid-3 elementor-grid-tablet-2 elementor-grid-mobile-1 elementor-posts--thumbnail-top elementor-card-shadow-yes elementor-posts__hover-gradient elementor-widget elementor-widget-posts\" data-id=\"b04c2c6\" data-element_type=\"widget\" data-e-type=\"widget\" data-settings=\"{&quot;pagination_type&quot;:&quot;numbers&quot;,&quot;cards_columns&quot;:&quot;3&quot;,&quot;cards_columns_tablet&quot;:&quot;2&quot;,&quot;cards_columns_mobile&quot;:&quot;1&quot;,&quot;cards_row_gap&quot;:{&quot;unit&quot;:&quot;px&quot;,&quot;size&quot;:35,&quot;sizes&quot;:[]},&quot;cards_row_gap_tablet&quot;:{&quot;unit&quot;:&quot;px&quot;,&quot;size&quot;:&quot;&quot;,&quot;sizes&quot;:[]},&quot;cards_row_gap_mobile&quot;:{&quot;unit&quot;:&quot;px&quot;,&quot;size&quot;:&quot;&quot;,&quot;sizes&quot;:[]}}\" data-widget_type=\"posts.cards\">\n\t\t\t\t<div class=\"elementor-widget-container\">\n\t\t\t\t\t\t\t<div class=\"elementor-posts-container elementor-posts elementor-posts--skin-cards elementor-grid\" role=\"list\">\n\t\t\t\t<article class=\"elementor-post elementor-grid-item post-2227 post type-post status-publish format-standard has-post-thumbnail hentry category-uncategorized\" role=\"listitem\">\n\t\t\t<div class=\"elementor-post__card\">\n\t\t\t\t<a class=\"elementor-post__thumbnail__link\" href=\"https:\/\/villargarcia.com\/en\/puede-renovar-una-visa-de-no-inmigrante-mientras-un-i-130-esta-pendiente-entendiendo-sus-opciones-durante-el-proceso-consular\/\" tabindex=\"-1\" ><div class=\"elementor-post__thumbnail\"><img fetchpriority=\"high\" decoding=\"async\" width=\"2560\" height=\"1440\" src=\"https:\/\/villargarcia.com\/wp-content\/uploads\/2026\/03\/BLOGS-VG-2-scaled.jpg\" class=\"attachment-full size-full wp-image-2228\" alt=\"\" srcset=\"https:\/\/villargarcia.com\/wp-content\/uploads\/2026\/03\/BLOGS-VG-2-scaled.jpg 2560w, https:\/\/villargarcia.com\/wp-content\/uploads\/2026\/03\/BLOGS-VG-2-300x169.jpg 300w, https:\/\/villargarcia.com\/wp-content\/uploads\/2026\/03\/BLOGS-VG-2-1024x576.jpg 1024w, https:\/\/villargarcia.com\/wp-content\/uploads\/2026\/03\/BLOGS-VG-2-768x432.jpg 768w, https:\/\/villargarcia.com\/wp-content\/uploads\/2026\/03\/BLOGS-VG-2-1536x864.jpg 1536w, https:\/\/villargarcia.com\/wp-content\/uploads\/2026\/03\/BLOGS-VG-2-2048x1152.jpg 2048w, https:\/\/villargarcia.com\/wp-content\/uploads\/2026\/03\/BLOGS-VG-2-18x10.jpg 18w\" sizes=\"(max-width: 2560px) 100vw, 2560px\" \/><\/div><\/a>\n\t\t\t\t<div class=\"elementor-post__text\">\n\t\t\t\t<h3 class=\"elementor-post__title\">\n\t\t\t<a href=\"https:\/\/villargarcia.com\/en\/puede-renovar-una-visa-de-no-inmigrante-mientras-un-i-130-esta-pendiente-entendiendo-sus-opciones-durante-el-proceso-consular\/\" >\n\t\t\t\tCan You Renew a Nonimmigrant Visa While an I-130 Is Pending? Understanding Your Options During Consular Processing\t\t\t<\/a>\n\t\t<\/h3>\n\t\t\t\t<div class=\"elementor-post__excerpt\">\n\t\t\t<p>When a foreign national begins the immigrant visa process through an I-130 Petition for Alien Relative with consular processing<\/p>\n\t\t<\/div>\n\t\t\t\t\t<div class=\"elementor-post__read-more-wrapper\">\n\t\t\n\t\t<a class=\"elementor-post__read-more\" href=\"https:\/\/villargarcia.com\/en\/puede-renovar-una-visa-de-no-inmigrante-mientras-un-i-130-esta-pendiente-entendiendo-sus-opciones-durante-el-proceso-consular\/\" aria-label=\"Read more about \u00bfPuede renovar una visa de no inmigrante mientras un I-130 est\u00e1 pendiente? Entendiendo sus opciones durante el proceso consular\" tabindex=\"-1\" >\n\t\t\tLeer m\u00e1s\t\t<\/a>\n\n\t\t\t\t\t<\/div>\n\t\t\t\t<\/div>\n\t\t\t\t\t<\/div>\n\t\t<\/article>\n\t\t\t\t<article class=\"elementor-post elementor-grid-item post-2192 post type-post status-publish format-standard has-post-thumbnail hentry category-uncategorized\" role=\"listitem\">\n\t\t\t<div class=\"elementor-post__card\">\n\t\t\t\t<a class=\"elementor-post__thumbnail__link\" href=\"https:\/\/villargarcia.com\/en\/pausa-de-visas-de-inmigrante-para-75-paises-que-significa-el-anuncio-del-departamento-de-estado-del-21-de-enero-de-2026-y-por-que-podria-ser-temporal\/\" tabindex=\"-1\" ><div class=\"elementor-post__thumbnail\"><img decoding=\"async\" width=\"1920\" height=\"1080\" src=\"https:\/\/villargarcia.com\/wp-content\/uploads\/2026\/03\/BLOGS-VG-1.jpg\" class=\"attachment-full size-full wp-image-2193\" alt=\"BLOGS V&amp;G (1)\" srcset=\"https:\/\/villargarcia.com\/wp-content\/uploads\/2026\/03\/BLOGS-VG-1.jpg 1920w, https:\/\/villargarcia.com\/wp-content\/uploads\/2026\/03\/BLOGS-VG-1-300x169.jpg 300w, https:\/\/villargarcia.com\/wp-content\/uploads\/2026\/03\/BLOGS-VG-1-1024x576.jpg 1024w, https:\/\/villargarcia.com\/wp-content\/uploads\/2026\/03\/BLOGS-VG-1-768x432.jpg 768w, https:\/\/villargarcia.com\/wp-content\/uploads\/2026\/03\/BLOGS-VG-1-1536x864.jpg 1536w, https:\/\/villargarcia.com\/wp-content\/uploads\/2026\/03\/BLOGS-VG-1-18x10.jpg 18w\" sizes=\"(max-width: 1920px) 100vw, 1920px\" \/><\/div><\/a>\n\t\t\t\t<div class=\"elementor-post__text\">\n\t\t\t\t<h3 class=\"elementor-post__title\">\n\t\t\t<a href=\"https:\/\/villargarcia.com\/en\/pausa-de-visas-de-inmigrante-para-75-paises-que-significa-el-anuncio-del-departamento-de-estado-del-21-de-enero-de-2026-y-por-que-podria-ser-temporal\/\" >\n\t\t\t\tImmigrant Visa Pause for 75 Countries: What the January 21, 2026, State Department Announcement Means and Why It May Be Temporary\t\t\t<\/a>\n\t\t<\/h3>\n\t\t\t\t<div class=\"elementor-post__excerpt\">\n\t\t\t<p>On January 21, 2026, the U.S. Department of State announced a temporary pause on the issuance of immigrant<\/p>\n\t\t<\/div>\n\t\t\t\t\t<div class=\"elementor-post__read-more-wrapper\">\n\t\t\n\t\t<a class=\"elementor-post__read-more\" href=\"https:\/\/villargarcia.com\/en\/pausa-de-visas-de-inmigrante-para-75-paises-que-significa-el-anuncio-del-departamento-de-estado-del-21-de-enero-de-2026-y-por-que-podria-ser-temporal\/\" aria-label=\"Read more about Pausa de Visas de Inmigrante para 75 Pa\u00edses: Qu\u00e9 Significa el Anuncio del Departamento de Estado del 21 de enero de 2026 y Por Qu\u00e9 Podr\u00eda Ser Temporal\" tabindex=\"-1\" >\n\t\t\tLeer m\u00e1s\t\t<\/a>\n\n\t\t\t\t\t<\/div>\n\t\t\t\t<\/div>\n\t\t\t\t\t<\/div>\n\t\t<\/article>\n\t\t\t\t<article class=\"elementor-post elementor-grid-item post-2073 post type-post status-publish format-standard has-post-thumbnail hentry category-uncategorized\" role=\"listitem\">\n\t\t\t<div class=\"elementor-post__card\">\n\t\t\t\t<a class=\"elementor-post__thumbnail__link\" href=\"https:\/\/villargarcia.com\/en\/la-repentina-desaceleracion-que-esta-sucediendo-con-las-solicitudes-de-ciudadania-en-ee-uu\/\" tabindex=\"-1\" ><div class=\"elementor-post__thumbnail\"><img decoding=\"async\" width=\"1920\" height=\"1080\" src=\"https:\/\/villargarcia.com\/wp-content\/uploads\/2026\/03\/BLOGS-VG.jpg\" class=\"attachment-full size-full wp-image-2074\" alt=\"BLOGS V&amp;G\" srcset=\"https:\/\/villargarcia.com\/wp-content\/uploads\/2026\/03\/BLOGS-VG.jpg 1920w, https:\/\/villargarcia.com\/wp-content\/uploads\/2026\/03\/BLOGS-VG-300x169.jpg 300w, https:\/\/villargarcia.com\/wp-content\/uploads\/2026\/03\/BLOGS-VG-1024x576.jpg 1024w, https:\/\/villargarcia.com\/wp-content\/uploads\/2026\/03\/BLOGS-VG-768x432.jpg 768w, https:\/\/villargarcia.com\/wp-content\/uploads\/2026\/03\/BLOGS-VG-1536x864.jpg 1536w, https:\/\/villargarcia.com\/wp-content\/uploads\/2026\/03\/BLOGS-VG-18x10.jpg 18w\" sizes=\"(max-width: 1920px) 100vw, 1920px\" \/><\/div><\/a>\n\t\t\t\t<div class=\"elementor-post__text\">\n\t\t\t\t<h3 class=\"elementor-post__title\">\n\t\t\t<a href=\"https:\/\/villargarcia.com\/en\/la-repentina-desaceleracion-que-esta-sucediendo-con-las-solicitudes-de-ciudadania-en-ee-uu\/\" >\n\t\t\t\tThe Sudden Slowdown: What\u2019s Happening to U.S. Citizenship Applications?\t\t\t<\/a>\n\t\t<\/h3>\n\t\t\t\t<div class=\"elementor-post__excerpt\">\n\t\t\t<p>As an immigration attorney serving families in El Paso, Texas, I closely monitor trends in naturalization processing times.<\/p>\n\t\t<\/div>\n\t\t\t\t\t<div class=\"elementor-post__read-more-wrapper\">\n\t\t\n\t\t<a class=\"elementor-post__read-more\" href=\"https:\/\/villargarcia.com\/en\/la-repentina-desaceleracion-que-esta-sucediendo-con-las-solicitudes-de-ciudadania-en-ee-uu\/\" aria-label=\"Read more about La Repentina Desaceleraci\u00f3n: \u00bfQu\u00e9 Est\u00e1 Sucediendo con las Solicitudes de Ciudadan\u00eda en EE.UU.?\" tabindex=\"-1\" >\n\t\t\tLeer m\u00e1s\t\t<\/a>\n\n\t\t\t\t\t<\/div>\n\t\t\t\t<\/div>\n\t\t\t\t\t<\/div>\n\t\t<\/article>\n\t\t\t\t<article class=\"elementor-post elementor-grid-item post-2041 post type-post status-publish format-standard has-post-thumbnail hentry category-uncategorized\" role=\"listitem\">\n\t\t\t<div class=\"elementor-post__card\">\n\t\t\t\t<a class=\"elementor-post__thumbnail__link\" href=\"https:\/\/villargarcia.com\/en\/entrevistas-para-visas-de-ee-uu-se-vuelven-mas-estrictas-bajo-politicas-de-la-era-trump\/\" tabindex=\"-1\" ><div class=\"elementor-post__thumbnail\"><img loading=\"lazy\" decoding=\"async\" width=\"1920\" height=\"1080\" src=\"https:\/\/villargarcia.com\/wp-content\/uploads\/2025\/10\/Banner-Entrevistas-Trump-Era.png\" class=\"attachment-full size-full wp-image-2042\" alt=\"\" srcset=\"https:\/\/villargarcia.com\/wp-content\/uploads\/2025\/10\/Banner-Entrevistas-Trump-Era.png 1920w, https:\/\/villargarcia.com\/wp-content\/uploads\/2025\/10\/Banner-Entrevistas-Trump-Era-300x169.png 300w, https:\/\/villargarcia.com\/wp-content\/uploads\/2025\/10\/Banner-Entrevistas-Trump-Era-1024x576.png 1024w, https:\/\/villargarcia.com\/wp-content\/uploads\/2025\/10\/Banner-Entrevistas-Trump-Era-768x432.png 768w, https:\/\/villargarcia.com\/wp-content\/uploads\/2025\/10\/Banner-Entrevistas-Trump-Era-1536x864.png 1536w, https:\/\/villargarcia.com\/wp-content\/uploads\/2025\/10\/Banner-Entrevistas-Trump-Era-18x10.png 18w\" sizes=\"(max-width: 1920px) 100vw, 1920px\" \/><\/div><\/a>\n\t\t\t\t<div class=\"elementor-post__text\">\n\t\t\t\t<h3 class=\"elementor-post__title\">\n\t\t\t<a href=\"https:\/\/villargarcia.com\/en\/entrevistas-para-visas-de-ee-uu-se-vuelven-mas-estrictas-bajo-politicas-de-la-era-trump\/\" >\n\t\t\t\tU.S. Visa Interviews in Consulates\/Embassies Becoming Stricter Under Trump-Era Policies\t\t\t<\/a>\n\t\t<\/h3>\n\t\t\t\t<div class=\"elementor-post__excerpt\">\n\t\t\t<p>In recent months, applicants for U.S. visas including B1\/B2 (tourist), F-1 (student), work, and E-2 (investor visas)<\/p>\n\t\t<\/div>\n\t\t\t\t\t<div class=\"elementor-post__read-more-wrapper\">\n\t\t\n\t\t<a class=\"elementor-post__read-more\" href=\"https:\/\/villargarcia.com\/en\/entrevistas-para-visas-de-ee-uu-se-vuelven-mas-estrictas-bajo-politicas-de-la-era-trump\/\" aria-label=\"Read more about Entrevistas para Visas de EE. UU. Se Vuelven M\u00e1s Estrictas Bajo Pol\u00edticas de la Era Trump\" tabindex=\"-1\" >\n\t\t\tLeer m\u00e1s\t\t<\/a>\n\n\t\t\t\t\t<\/div>\n\t\t\t\t<\/div>\n\t\t\t\t\t<\/div>\n\t\t<\/article>\n\t\t\t\t<article class=\"elementor-post elementor-grid-item post-2034 post type-post status-publish format-standard has-post-thumbnail hentry category-uncategorized\" role=\"listitem\">\n\t\t\t<div class=\"elementor-post__card\">\n\t\t\t\t<a class=\"elementor-post__thumbnail__link\" href=\"https:\/\/villargarcia.com\/en\/nuevo-examen-de-educacion-civica-de-ee-uu-para-solicitantes-del-formulario-n-400-a-partir-del-20-de-octubre-de-2025\/\" tabindex=\"-1\" ><div class=\"elementor-post__thumbnail\"><img loading=\"lazy\" decoding=\"async\" width=\"1920\" height=\"1080\" src=\"https:\/\/villargarcia.com\/wp-content\/uploads\/2025\/10\/BLOGS-VG-2.png\" class=\"attachment-full size-full wp-image-2035\" alt=\"\" srcset=\"https:\/\/villargarcia.com\/wp-content\/uploads\/2025\/10\/BLOGS-VG-2.png 1920w, https:\/\/villargarcia.com\/wp-content\/uploads\/2025\/10\/BLOGS-VG-2-300x169.png 300w, https:\/\/villargarcia.com\/wp-content\/uploads\/2025\/10\/BLOGS-VG-2-1024x576.png 1024w, https:\/\/villargarcia.com\/wp-content\/uploads\/2025\/10\/BLOGS-VG-2-768x432.png 768w, https:\/\/villargarcia.com\/wp-content\/uploads\/2025\/10\/BLOGS-VG-2-1536x864.png 1536w, https:\/\/villargarcia.com\/wp-content\/uploads\/2025\/10\/BLOGS-VG-2-18x10.png 18w\" sizes=\"(max-width: 1920px) 100vw, 1920px\" \/><\/div><\/a>\n\t\t\t\t<div class=\"elementor-post__text\">\n\t\t\t\t<h3 class=\"elementor-post__title\">\n\t\t\t<a href=\"https:\/\/villargarcia.com\/en\/nuevo-examen-de-educacion-civica-de-ee-uu-para-solicitantes-del-formulario-n-400-a-partir-del-20-de-octubre-de-2025\/\" >\n\t\t\t\tNew U.S. Civics Test for N-400 Applicants Starting October 20, 2025\t\t\t<\/a>\n\t\t<\/h3>\n\t\t\t\t<div class=\"elementor-post__excerpt\">\n\t\t\t<p>Beginning October 20, 2025, individuals applying for U.S. citizenship through the N-400 process<\/p>\n\t\t<\/div>\n\t\t\t\t\t<div class=\"elementor-post__read-more-wrapper\">\n\t\t\n\t\t<a class=\"elementor-post__read-more\" href=\"https:\/\/villargarcia.com\/en\/nuevo-examen-de-educacion-civica-de-ee-uu-para-solicitantes-del-formulario-n-400-a-partir-del-20-de-octubre-de-2025\/\" aria-label=\"Read more about Nuevo examen de educaci\u00f3n c\u00edvica de EE. UU. para solicitantes del formulario N-400 a partir del 20 de octubre de 2025\" tabindex=\"-1\" >\n\t\t\tLeer m\u00e1s\t\t<\/a>\n\n\t\t\t\t\t<\/div>\n\t\t\t\t<\/div>\n\t\t\t\t\t<\/div>\n\t\t<\/article>\n\t\t\t\t<article class=\"elementor-post elementor-grid-item post-2022 post type-post status-publish format-standard has-post-thumbnail hentry category-uncategorized\" role=\"listitem\">\n\t\t\t<div class=\"elementor-post__card\">\n\t\t\t\t<a class=\"elementor-post__thumbnail__link\" href=\"https:\/\/villargarcia.com\/en\/tiempos-de-procesamiento-acelerados-en-uscis-un-rayo-de-esperanza-en-medio-de-la-incertidumbre\/\" tabindex=\"-1\" ><div class=\"elementor-post__thumbnail\"><img loading=\"lazy\" decoding=\"async\" width=\"1920\" height=\"1080\" src=\"https:\/\/villargarcia.com\/wp-content\/uploads\/2025\/07\/Tiempos-de-Procesamiento-Acelerados-en-USCIS-Un-Rayo-de-Esperanza-en-Medio-de-la-Incertidumbre.png\" class=\"attachment-full size-full wp-image-2023\" alt=\"Tiempos de Procesamiento Acelerados en USCIS- Un Rayo de Esperanza en Medio de la Incertidumbre\" srcset=\"https:\/\/villargarcia.com\/wp-content\/uploads\/2025\/07\/Tiempos-de-Procesamiento-Acelerados-en-USCIS-Un-Rayo-de-Esperanza-en-Medio-de-la-Incertidumbre.png 1920w, https:\/\/villargarcia.com\/wp-content\/uploads\/2025\/07\/Tiempos-de-Procesamiento-Acelerados-en-USCIS-Un-Rayo-de-Esperanza-en-Medio-de-la-Incertidumbre-300x169.png 300w, https:\/\/villargarcia.com\/wp-content\/uploads\/2025\/07\/Tiempos-de-Procesamiento-Acelerados-en-USCIS-Un-Rayo-de-Esperanza-en-Medio-de-la-Incertidumbre-1024x576.png 1024w, https:\/\/villargarcia.com\/wp-content\/uploads\/2025\/07\/Tiempos-de-Procesamiento-Acelerados-en-USCIS-Un-Rayo-de-Esperanza-en-Medio-de-la-Incertidumbre-768x432.png 768w, https:\/\/villargarcia.com\/wp-content\/uploads\/2025\/07\/Tiempos-de-Procesamiento-Acelerados-en-USCIS-Un-Rayo-de-Esperanza-en-Medio-de-la-Incertidumbre-1536x864.png 1536w, https:\/\/villargarcia.com\/wp-content\/uploads\/2025\/07\/Tiempos-de-Procesamiento-Acelerados-en-USCIS-Un-Rayo-de-Esperanza-en-Medio-de-la-Incertidumbre-18x10.png 18w\" sizes=\"(max-width: 1920px) 100vw, 1920px\" \/><\/div><\/a>\n\t\t\t\t<div class=\"elementor-post__text\">\n\t\t\t\t<h3 class=\"elementor-post__title\">\n\t\t\t<a href=\"https:\/\/villargarcia.com\/en\/tiempos-de-procesamiento-acelerados-en-uscis-un-rayo-de-esperanza-en-medio-de-la-incertidumbre\/\" >\n\t\t\t\tFast-Tracked USCIS Processing Times: A Bright Spot Amid Uncertainty\t\t\t<\/a>\n\t\t<\/h3>\n\t\t\t\t<div class=\"elementor-post__excerpt\">\n\t\t\t<p>In recent years, immigration policy has been a hot topic in the U.S., often surrounded by political debate and uncertainty.<\/p>\n\t\t<\/div>\n\t\t\t\t\t<div class=\"elementor-post__read-more-wrapper\">\n\t\t\n\t\t<a class=\"elementor-post__read-more\" href=\"https:\/\/villargarcia.com\/en\/tiempos-de-procesamiento-acelerados-en-uscis-un-rayo-de-esperanza-en-medio-de-la-incertidumbre\/\" aria-label=\"Read more about Tiempos de Procesamiento Acelerados en USCIS: Un Rayo de Esperanza en Medio de la Incertidumbre\" tabindex=\"-1\" >\n\t\t\tLeer m\u00e1s\t\t<\/a>\n\n\t\t\t\t\t<\/div>\n\t\t\t\t<\/div>\n\t\t\t\t\t<\/div>\n\t\t<\/article>\n\t\t\t\t<\/div>\n\t\t\n\t\t\t\t<div class=\"e-load-more-anchor\" data-page=\"1\" data-max-page=\"9\" data-next-page=\"https:\/\/villargarcia.com\/en\/wp-json\/wp\/v2\/pages\/1505\/page\/2\/\"><\/div>\n\t\t\t\t<nav class=\"elementor-pagination\" aria-label=\"Pagination\">\n\t\t\t<span aria-current=\"page\" class=\"page-numbers current\"><span class=\"elementor-screen-only\">Page<\/span>1<\/span>\n<a class=\"page-numbers\" href=\"https:\/\/villargarcia.com\/en\/wp-json\/wp\/v2\/pages\/1505\/page\/2\/\"><span class=\"elementor-screen-only\">Page<\/span>2<\/a>\n<a class=\"page-numbers\" href=\"https:\/\/villargarcia.com\/en\/wp-json\/wp\/v2\/pages\/1505\/page\/3\/\"><span class=\"elementor-screen-only\">Page<\/span>3<\/a>\n<a class=\"page-numbers\" href=\"https:\/\/villargarcia.com\/en\/wp-json\/wp\/v2\/pages\/1505\/page\/4\/\"><span class=\"elementor-screen-only\">Page<\/span>4<\/a>\n<a class=\"page-numbers\" href=\"https:\/\/villargarcia.com\/en\/wp-json\/wp\/v2\/pages\/1505\/page\/5\/\"><span class=\"elementor-screen-only\">Page<\/span>5<\/a>\n<a class=\"page-numbers\" href=\"https:\/\/villargarcia.com\/en\/wp-json\/wp\/v2\/pages\/1505\/page\/6\/\"><span class=\"elementor-screen-only\">Page<\/span>6<\/a>\n<a class=\"page-numbers\" href=\"https:\/\/villargarcia.com\/en\/wp-json\/wp\/v2\/pages\/1505\/page\/7\/\"><span class=\"elementor-screen-only\">Page<\/span>7<\/a>\n<a class=\"page-numbers\" href=\"https:\/\/villargarcia.com\/en\/wp-json\/wp\/v2\/pages\/1505\/page\/8\/\"><span class=\"elementor-screen-only\">Page<\/span>8<\/a>\n<a class=\"page-numbers\" href=\"https:\/\/villargarcia.com\/en\/wp-json\/wp\/v2\/pages\/1505\/page\/9\/\"><span class=\"elementor-screen-only\">Page<\/span>9<\/a>\t\t<\/nav>\n\t\t\t\t\t\t<\/div>\n\t\t\t\t<\/div>\n\t\t\t\t\t<\/div>\n\t\t<\/div>\n\t\t\t\t\t<\/div>\n\t\t<\/section>\n\t\t\t\t<\/div>","protected":false},"excerpt":{"rendered":"<p>BLOG<\/p>","protected":false},"author":1,"featured_media":0,"parent":0,"menu_order":0,"comment_status":"closed","ping_status":"closed","template":"","meta":{"site-sidebar-layout":"no-sidebar","site-content-layout":"page-builder","ast-global-header-display":"","ast-main-header-display":"","ast-hfb-above-header-display":"","ast-hfb-below-header-display":"","ast-hfb-mobile-header-display":"","site-post-title":"disabled","ast-breadcrumbs-content":"","ast-featured-img":"disabled","footer-sml-layout":"","theme-transparent-header-meta":"","adv-header-id-meta":"","stick-header-meta":"","header-above-stick-meta":"","header-main-stick-meta":"","header-below-stick-meta":"","footnotes":""},"class_list":["post-1505","page","type-page","status-publish","hentry"],"yoast_head":"<!-- This site is optimized with the Yoast SEO plugin v27.4 - https:\/\/yoast.com\/product\/yoast-seo-wordpress\/ -->\n<title>Blog - VILLAR&amp;GARC\u00cdA<\/title>\n<meta name=\"robots\" content=\"index, follow, max-snippet:-1, max-image-preview:large, max-video-preview:-1\" \/>\n<link rel=\"canonical\" href=\"https:\/\/villargarcia.com\/en\/blog\/\" \/>\n<meta property=\"og:locale\" content=\"en_US\" \/>\n<meta property=\"og:type\" content=\"article\" \/>\n<meta property=\"og:title\" content=\"Blog - VILLAR&amp;GARC\u00cdA\" \/>\n<meta property=\"og:description\" content=\"BLOG\" \/>\n<meta property=\"og:url\" content=\"https:\/\/villargarcia.com\/en\/blog\/\" \/>\n<meta property=\"og:site_name\" content=\"VILLAR&amp;GARC\u00cdA\" \/>\n<meta property=\"article:modified_time\" content=\"2024-08-15T17:20:55+00:00\" \/>\n<meta name=\"twitter:card\" content=\"summary_large_image\" \/>\n<meta name=\"twitter:label1\" content=\"Est. reading time\" \/>\n\t<meta name=\"twitter:data1\" content=\"5 minutes\" \/>\n<script type=\"application\/ld+json\" class=\"yoast-schema-graph\">{\"@context\":\"https:\\\/\\\/schema.org\",\"@graph\":[{\"@type\":\"WebPage\",\"@id\":\"https:\\\/\\\/villargarcia.com\\\/blog\\\/\",\"url\":\"https:\\\/\\\/villargarcia.com\\\/blog\\\/\",\"name\":\"Blog - VILLAR&amp;GARC\u00cdA\",\"isPartOf\":{\"@id\":\"https:\\\/\\\/villargarcia.com\\\/#website\"},\"datePublished\":\"2023-05-02T17:28:00+00:00\",\"dateModified\":\"2024-08-15T17:20:55+00:00\",\"breadcrumb\":{\"@id\":\"https:\\\/\\\/villargarcia.com\\\/blog\\\/#breadcrumb\"},\"inLanguage\":\"en-US\",\"potentialAction\":[{\"@type\":\"ReadAction\",\"target\":[\"https:\\\/\\\/villargarcia.com\\\/blog\\\/\"]}]},{\"@type\":\"BreadcrumbList\",\"@id\":\"https:\\\/\\\/villargarcia.com\\\/blog\\\/#breadcrumb\",\"itemListElement\":[{\"@type\":\"ListItem\",\"position\":1,\"name\":\"Home\",\"item\":\"https:\\\/\\\/villargarcia.com\\\/\"},{\"@type\":\"ListItem\",\"position\":2,\"name\":\"Blog\"}]},{\"@type\":\"WebSite\",\"@id\":\"https:\\\/\\\/villargarcia.com\\\/#website\",\"url\":\"https:\\\/\\\/villargarcia.com\\\/\",\"name\":\"VILLAR&amp;GARC\u00cdA\",\"description\":\"Lawyers in Texas\",\"publisher\":{\"@id\":\"https:\\\/\\\/villargarcia.com\\\/#organization\"},\"potentialAction\":[{\"@type\":\"SearchAction\",\"target\":{\"@type\":\"EntryPoint\",\"urlTemplate\":\"https:\\\/\\\/villargarcia.com\\\/?s={search_term_string}\"},\"query-input\":{\"@type\":\"PropertyValueSpecification\",\"valueRequired\":true,\"valueName\":\"search_term_string\"}}],\"inLanguage\":\"en-US\"},{\"@type\":\"Organization\",\"@id\":\"https:\\\/\\\/villargarcia.com\\\/#organization\",\"name\":\"VILLAR&amp;GARC\u00cdA\",\"url\":\"https:\\\/\\\/villargarcia.com\\\/\",\"logo\":{\"@type\":\"ImageObject\",\"inLanguage\":\"en-US\",\"@id\":\"https:\\\/\\\/villargarcia.com\\\/#\\\/schema\\\/logo\\\/image\\\/\",\"url\":\"https:\\\/\\\/villargarcia.com\\\/wp-content\\\/uploads\\\/2023\\\/05\\\/villar-logo-blanco.png\",\"contentUrl\":\"https:\\\/\\\/villargarcia.com\\\/wp-content\\\/uploads\\\/2023\\\/05\\\/villar-logo-blanco.png\",\"width\":1066,\"height\":582,\"caption\":\"VILLAR&amp;GARC\u00cdA\"},\"image\":{\"@id\":\"https:\\\/\\\/villargarcia.com\\\/#\\\/schema\\\/logo\\\/image\\\/\"}}]}<\/script>\n<!-- \/ Yoast SEO plugin. -->","yoast_head_json":{"title":"Blog - VILLAR&amp;GARC\u00cdA","robots":{"index":"index","follow":"follow","max-snippet":"max-snippet:-1","max-image-preview":"max-image-preview:large","max-video-preview":"max-video-preview:-1"},"canonical":"https:\/\/villargarcia.com\/en\/blog\/","og_locale":"en_US","og_type":"article","og_title":"Blog - VILLAR&amp;GARC\u00cdA","og_description":"BLOG","og_url":"https:\/\/villargarcia.com\/en\/blog\/","og_site_name":"VILLAR&amp;GARC\u00cdA","article_modified_time":"2024-08-15T17:20:55+00:00","twitter_card":"summary_large_image","twitter_misc":{"Est. reading time":"5 minutes"},"schema":{"@context":"https:\/\/schema.org","@graph":[{"@type":"WebPage","@id":"https:\/\/villargarcia.com\/blog\/","url":"https:\/\/villargarcia.com\/blog\/","name":"Blog - VILLAR&amp;GARC\u00cdA","isPartOf":{"@id":"https:\/\/villargarcia.com\/#website"},"datePublished":"2023-05-02T17:28:00+00:00","dateModified":"2024-08-15T17:20:55+00:00","breadcrumb":{"@id":"https:\/\/villargarcia.com\/blog\/#breadcrumb"},"inLanguage":"en-US","potentialAction":[{"@type":"ReadAction","target":["https:\/\/villargarcia.com\/blog\/"]}]},{"@type":"BreadcrumbList","@id":"https:\/\/villargarcia.com\/blog\/#breadcrumb","itemListElement":[{"@type":"ListItem","position":1,"name":"Home","item":"https:\/\/villargarcia.com\/"},{"@type":"ListItem","position":2,"name":"Blog"}]},{"@type":"WebSite","@id":"https:\/\/villargarcia.com\/#website","url":"https:\/\/villargarcia.com\/","name":"VILLAR&amp;GARC\u00cdA","description":"Lawyers in Texas","publisher":{"@id":"https:\/\/villargarcia.com\/#organization"},"potentialAction":[{"@type":"SearchAction","target":{"@type":"EntryPoint","urlTemplate":"https:\/\/villargarcia.com\/?s={search_term_string}"},"query-input":{"@type":"PropertyValueSpecification","valueRequired":true,"valueName":"search_term_string"}}],"inLanguage":"en-US"},{"@type":"Organization","@id":"https:\/\/villargarcia.com\/#organization","name":"VILLAR&amp;GARC\u00cdA","url":"https:\/\/villargarcia.com\/","logo":{"@type":"ImageObject","inLanguage":"en-US","@id":"https:\/\/villargarcia.com\/#\/schema\/logo\/image\/","url":"https:\/\/villargarcia.com\/wp-content\/uploads\/2023\/05\/villar-logo-blanco.png","contentUrl":"https:\/\/villargarcia.com\/wp-content\/uploads\/2023\/05\/villar-logo-blanco.png","width":1066,"height":582,"caption":"VILLAR&amp;GARC\u00cdA"},"image":{"@id":"https:\/\/villargarcia.com\/#\/schema\/logo\/image\/"}}]}},"brizy_media":[],"_links":{"self":[{"href":"https:\/\/villargarcia.com\/en\/wp-json\/wp\/v2\/pages\/1505","targetHints":{"allow":["GET"]}}],"collection":[{"href":"https:\/\/villargarcia.com\/en\/wp-json\/wp\/v2\/pages"}],"about":[{"href":"https:\/\/villargarcia.com\/en\/wp-json\/wp\/v2\/types\/page"}],"author":[{"embeddable":true,"href":"https:\/\/villargarcia.com\/en\/wp-json\/wp\/v2\/users\/1"}],"replies":[{"embeddable":true,"href":"https:\/\/villargarcia.com\/en\/wp-json\/wp\/v2\/comments?post=1505"}],"version-history":[{"count":5,"href":"https:\/\/villargarcia.com\/en\/wp-json\/wp\/v2\/pages\/1505\/revisions"}],"predecessor-version":[{"id":1881,"href":"https:\/\/villargarcia.com\/en\/wp-json\/wp\/v2\/pages\/1505\/revisions\/1881"}],"wp:attachment":[{"href":"https:\/\/villargarcia.com\/en\/wp-json\/wp\/v2\/media?parent=1505"}],"curies":[{"name":"wp","href":"https:\/\/api.w.org\/{rel}","templated":true}]}}