{"id":17,"date":"2021-03-05T20:12:02","date_gmt":"2021-03-05T20:12:02","guid":{"rendered":"https:\/\/villargarcia.com\/contact\/"},"modified":"2026-03-06T17:32:39","modified_gmt":"2026-03-06T17:32:39","slug":"contacto","status":"publish","type":"page","link":"https:\/\/villargarcia.com\/en\/contacto\/","title":{"rendered":"HAZ TU CITA"},"content":{"rendered":"\t\t<div data-elementor-type=\"wp-page\" data-elementor-id=\"17\" class=\"elementor elementor-17\" data-elementor-post-type=\"page\">\n\t\t\t\t\t\t<section class=\"elementor-section elementor-top-section elementor-element elementor-element-3441189 elementor-section-height-min-height elementor-section-boxed elementor-section-height-default elementor-section-items-middle\" data-id=\"3441189\" data-element_type=\"section\" data-e-type=\"section\" data-settings=\"{&quot;background_background&quot;:&quot;classic&quot;}\">\n\t\t\t\t\t\t\t<div class=\"elementor-background-overlay\"><\/div>\n\t\t\t\t\t\t\t<div class=\"elementor-container elementor-column-gap-no\">\n\t\t\t\t\t<div class=\"elementor-column elementor-col-100 elementor-top-column elementor-element elementor-element-6c92fa4\" data-id=\"6c92fa4\" data-element_type=\"column\" data-e-type=\"column\">\n\t\t\t<div class=\"elementor-widget-wrap elementor-element-populated\">\n\t\t\t\t\t\t<div class=\"elementor-element elementor-element-fed7674 elementor-widget-divider--view-line elementor-widget elementor-widget-divider\" data-id=\"fed7674\" data-element_type=\"widget\" data-e-type=\"widget\" data-widget_type=\"divider.default\">\n\t\t\t\t<div class=\"elementor-widget-container\">\n\t\t\t\t\t\t\t<div class=\"elementor-divider\">\n\t\t\t<span class=\"elementor-divider-separator\">\n\t\t\t\t\t\t<\/span>\n\t\t<\/div>\n\t\t\t\t\t\t<\/div>\n\t\t\t\t<\/div>\n\t\t\t\t<div class=\"elementor-element elementor-element-5f4ca79 elementor-widget elementor-widget-heading\" data-id=\"5f4ca79\" data-element_type=\"widget\" data-e-type=\"widget\" data-widget_type=\"heading.default\">\n\t\t\t\t<div class=\"elementor-widget-container\">\n\t\t\t\t\t<h1 class=\"elementor-heading-title elementor-size-default\">\u00a1CU\u00c9NTANOS TU CASO!<\/h1>\t\t\t\t<\/div>\n\t\t\t\t<\/div>\n\t\t\t\t<div class=\"elementor-element elementor-element-6d8c9d9 elementor-widget elementor-widget-text-editor\" data-id=\"6d8c9d9\" data-element_type=\"widget\" data-e-type=\"widget\" data-widget_type=\"text-editor.default\">\n\t\t\t\t<div class=\"elementor-widget-container\">\n\t\t\t\t\t\t\t\t\t<p>En Villar&amp;Garc\u00eda estamos para ayudarte.<\/p>\t\t\t\t\t\t\t\t<\/div>\n\t\t\t\t<\/div>\n\t\t\t\t\t<\/div>\n\t\t<\/div>\n\t\t\t\t\t<\/div>\n\t\t<\/section>\n\t\t\t\t<section class=\"elementor-section elementor-top-section elementor-element elementor-element-474267d elementor-section-boxed elementor-section-height-default elementor-section-height-default\" data-id=\"474267d\" data-element_type=\"section\" data-e-type=\"section\" data-settings=\"{&quot;background_background&quot;:&quot;classic&quot;}\">\n\t\t\t\t\t\t<div class=\"elementor-container elementor-column-gap-no\">\n\t\t\t\t\t<div class=\"elementor-column elementor-col-50 elementor-top-column elementor-element elementor-element-031080f\" data-id=\"031080f\" data-element_type=\"column\" data-e-type=\"column\">\n\t\t\t<div class=\"elementor-widget-wrap elementor-element-populated\">\n\t\t\t\t\t\t<div class=\"elementor-element elementor-element-c230333 elementor-widget-divider--view-line elementor-widget elementor-widget-divider\" data-id=\"c230333\" data-element_type=\"widget\" data-e-type=\"widget\" data-widget_type=\"divider.default\">\n\t\t\t\t<div class=\"elementor-widget-container\">\n\t\t\t\t\t\t\t<div class=\"elementor-divider\">\n\t\t\t<span class=\"elementor-divider-separator\">\n\t\t\t\t\t\t<\/span>\n\t\t<\/div>\n\t\t\t\t\t\t<\/div>\n\t\t\t\t<\/div>\n\t\t\t\t<div class=\"elementor-element elementor-element-3722091 elementor-widget elementor-widget-heading\" data-id=\"3722091\" data-element_type=\"widget\" data-e-type=\"widget\" data-widget_type=\"heading.default\">\n\t\t\t\t<div class=\"elementor-widget-container\">\n\t\t\t\t\t<h2 class=\"elementor-heading-title elementor-size-default\">\u00bfNecesitas ayuda con tus tr\u00e1mites?<\/h2>\t\t\t\t<\/div>\n\t\t\t\t<\/div>\n\t\t\t\t\t<\/div>\n\t\t<\/div>\n\t\t\t\t<div class=\"elementor-column elementor-col-50 elementor-top-column elementor-element elementor-element-3ed8aac\" data-id=\"3ed8aac\" data-element_type=\"column\" data-e-type=\"column\">\n\t\t\t<div class=\"elementor-widget-wrap elementor-element-populated\">\n\t\t\t\t\t\t<div class=\"elementor-element elementor-element-b0bc289 elementor-widget-divider--view-line elementor-widget elementor-widget-divider\" data-id=\"b0bc289\" data-element_type=\"widget\" data-e-type=\"widget\" data-widget_type=\"divider.default\">\n\t\t\t\t<div class=\"elementor-widget-container\">\n\t\t\t\t\t\t\t<div class=\"elementor-divider\">\n\t\t\t<span class=\"elementor-divider-separator\">\n\t\t\t\t\t\t<\/span>\n\t\t<\/div>\n\t\t\t\t\t\t<\/div>\n\t\t\t\t<\/div>\n\t\t\t\t<div class=\"elementor-element elementor-element-eef60e9 elementor-widget elementor-widget-wpforms\" data-id=\"eef60e9\" data-element_type=\"widget\" data-e-type=\"widget\" data-widget_type=\"wpforms.default\">\n\t\t\t\t<div class=\"elementor-widget-container\">\n\t\t\t\t\t<div class=\"wpforms-container \" id=\"wpforms-8\"><form id=\"wpforms-form-8\" class=\"wpforms-validate wpforms-form\" data-formid=\"8\" method=\"post\" enctype=\"multipart\/form-data\" action=\"\/en\/wp-json\/wp\/v2\/pages\/17\" data-token=\"32bfa5030265b5bdcfa93b046b18388f\" data-token-time=\"1776596475\"><noscript class=\"wpforms-error-noscript\">Please enable JavaScript in your browser to complete this form.<\/noscript><div class=\"wpforms-field-container\"><div id=\"wpforms-8-field_0-container\" class=\"wpforms-field wpforms-field-name\" data-field-id=\"0\"><label class=\"wpforms-field-label wpforms-label-hide\" for=\"wpforms-8-field_0\">Name <span class=\"wpforms-required-label\">*<\/span><\/label><div class=\"wpforms-field-row wpforms-field-large\"><div class=\"wpforms-field-row-block wpforms-first wpforms-one-half\"><input type=\"text\" id=\"wpforms-8-field_0\" class=\"wpforms-field-name-first wpforms-field-required\" name=\"wpforms[fields][0][first]\" placeholder=\"First name\" required><label for=\"wpforms-8-field_0\" class=\"wpforms-field-sublabel after wpforms-sublabel-hide\">First<\/label><\/div><div class=\"wpforms-field-row-block wpforms-one-half\"><input type=\"text\" id=\"wpforms-8-field_0-last\" class=\"wpforms-field-name-last wpforms-field-required\" name=\"wpforms[fields][0][last]\" placeholder=\"Last name\" required><label for=\"wpforms-8-field_0-last\" class=\"wpforms-field-sublabel after wpforms-sublabel-hide\">Last<\/label><\/div><\/div><\/div><div id=\"wpforms-8-field_1-container\" class=\"wpforms-field wpforms-field-email\" data-field-id=\"1\"><label class=\"wpforms-field-label wpforms-label-hide\" for=\"wpforms-8-field_1\">Email<\/label><input type=\"email\" id=\"wpforms-8-field_1\" class=\"wpforms-field-large\" name=\"wpforms[fields][1]\" placeholder=\"Enter email address\" spellcheck=\"false\" ><\/div><div id=\"wpforms-8-field_2-container\" class=\"wpforms-field wpforms-field-textarea\" data-field-id=\"2\"><label class=\"wpforms-field-label wpforms-label-hide\" for=\"wpforms-8-field_2\">Comment or Message<\/label><textarea id=\"wpforms-8-field_2\" class=\"wpforms-field-medium\" name=\"wpforms[fields][2]\" placeholder=\"Enter your message\" ><\/textarea><\/div><\/div><!-- .wpforms-field-container --><div class=\"wpforms-submit-container\" ><input type=\"hidden\" name=\"wpforms[id]\" value=\"8\"><input type=\"hidden\" name=\"page_title\" value=\"\"><input type=\"hidden\" name=\"page_url\" value=\"https:\/\/villargarcia.com\/en\/wp-json\/wp\/v2\/pages\/17\"><input type=\"hidden\" name=\"url_referer\" value=\"\"><button type=\"submit\" name=\"wpforms[submit]\" id=\"wpforms-submit-8\" class=\"wpforms-submit\" data-alt-text=\"Sending...\" data-submit-text=\"Send Message\" aria-live=\"assertive\" value=\"wpforms-submit\">Send Message<\/button><\/div><\/form><\/div>  <!-- .wpforms-container -->\t\t\t\t<\/div>\n\t\t\t\t<\/div>\n\t\t\t\t\t<\/div>\n\t\t<\/div>\n\t\t\t\t\t<\/div>\n\t\t<\/section>\n\t\t\t\t<section class=\"elementor-section elementor-top-section elementor-element elementor-element-ba24791 elementor-section-full_width elementor-section-height-default elementor-section-height-default\" data-id=\"ba24791\" data-element_type=\"section\" data-e-type=\"section\">\n\t\t\t\t\t\t<div class=\"elementor-container elementor-column-gap-no\">\n\t\t\t\t\t<div class=\"elementor-column elementor-col-100 elementor-top-column elementor-element elementor-element-cb37d26\" data-id=\"cb37d26\" data-element_type=\"column\" data-e-type=\"column\">\n\t\t\t<div class=\"elementor-widget-wrap elementor-element-populated\">\n\t\t\t\t\t\t<div class=\"elementor-element elementor-element-8e17ebf elementor-widget elementor-widget-google_maps\" data-id=\"8e17ebf\" data-element_type=\"widget\" data-e-type=\"widget\" data-widget_type=\"google_maps.default\">\n\t\t\t\t<div class=\"elementor-widget-container\">\n\t\t\t\t\t\t\t<div class=\"elementor-custom-embed\">\n\t\t\t<iframe loading=\"lazy\"\n\t\t\t\t\tsrc=\"https:\/\/maps.google.com\/maps?q=2523%20Montana%20Avenue%20El%20Paso%20TX%2079903&#038;t=m&#038;z=14&#038;output=embed&#038;iwloc=near\"\n\t\t\t\t\ttitle=\"2523 Montana Avenue El Paso TX 79903\"\n\t\t\t\t\taria-label=\"2523 Montana Avenue El Paso TX 79903\"\n\t\t\t><\/iframe>\n\t\t<\/div>\n\t\t\t\t\t\t<\/div>\n\t\t\t\t<\/div>\n\t\t\t\t\t<\/div>\n\t\t<\/div>\n\t\t\t\t\t<\/div>\n\t\t<\/section>\n\t\t\t\t<section class=\"elementor-section elementor-top-section elementor-element elementor-element-0e77b62 elementor-section-boxed elementor-section-height-default elementor-section-height-default\" data-id=\"0e77b62\" data-element_type=\"section\" data-e-type=\"section\" data-settings=\"{&quot;background_background&quot;:&quot;classic&quot;}\">\n\t\t\t\t\t\t<div class=\"elementor-container elementor-column-gap-no\">\n\t\t\t\t\t<div class=\"elementor-column elementor-col-100 elementor-top-column elementor-element elementor-element-87f4ee4\" data-id=\"87f4ee4\" data-element_type=\"column\" data-e-type=\"column\">\n\t\t\t<div class=\"elementor-widget-wrap elementor-element-populated\">\n\t\t\t\t\t\t<section class=\"elementor-section elementor-inner-section elementor-element elementor-element-7364e5f elementor-section-boxed elementor-section-height-default elementor-section-height-default\" data-id=\"7364e5f\" data-element_type=\"section\" data-e-type=\"section\" data-settings=\"{&quot;background_background&quot;:&quot;classic&quot;}\">\n\t\t\t\t\t\t<div class=\"elementor-container elementor-column-gap-default\">\n\t\t\t\t\t<div class=\"elementor-column elementor-col-33 elementor-inner-column elementor-element elementor-element-2bed4fb\" data-id=\"2bed4fb\" data-element_type=\"column\" data-e-type=\"column\">\n\t\t\t<div class=\"elementor-widget-wrap elementor-element-populated\">\n\t\t\t\t\t\t<div class=\"elementor-element elementor-element-65fa01a elementor-view-default elementor-position-block-start elementor-mobile-position-block-start elementor-widget elementor-widget-icon-box\" data-id=\"65fa01a\" data-element_type=\"widget\" data-e-type=\"widget\" data-widget_type=\"icon-box.default\">\n\t\t\t\t<div class=\"elementor-widget-container\">\n\t\t\t\t\t\t\t<div class=\"elementor-icon-box-wrapper\">\n\n\t\t\t\t\t\t<div class=\"elementor-icon-box-icon\">\n\t\t\t\t<a href=\"mailto:%20info@villargarcia.com\" class=\"elementor-icon\" tabindex=\"-1\" aria-label=\"Correo electr\u00f3nico\">\n\t\t\t\t<i aria-hidden=\"true\" class=\"fas fa-envelope\"><\/i>\t\t\t\t<\/a>\n\t\t\t<\/div>\n\t\t\t\n\t\t\t\t\t\t<div class=\"elementor-icon-box-content\">\n\n\t\t\t\t\t\t\t\t\t<h4 class=\"elementor-icon-box-title\">\n\t\t\t\t\t\t<a href=\"mailto:%20info@villargarcia.com\" >\n\t\t\t\t\t\t\tCorreo electr\u00f3nico\t\t\t\t\t\t<\/a>\n\t\t\t\t\t<\/h4>\n\t\t\t\t\n\t\t\t\t\t\t\t\t\t<p class=\"elementor-icon-box-description\">\n\t\t\t\t\t\tinfo@villargarcia.com\t\t\t\t\t<\/p>\n\t\t\t\t\n\t\t\t<\/div>\n\t\t\t\n\t\t<\/div>\n\t\t\t\t\t\t<\/div>\n\t\t\t\t<\/div>\n\t\t\t\t\t<\/div>\n\t\t<\/div>\n\t\t\t\t<div class=\"elementor-column elementor-col-33 elementor-inner-column elementor-element elementor-element-9538a99\" data-id=\"9538a99\" data-element_type=\"column\" data-e-type=\"column\">\n\t\t\t<div class=\"elementor-widget-wrap elementor-element-populated\">\n\t\t\t\t\t\t<div class=\"elementor-element elementor-element-d8cb418 elementor-view-default elementor-position-block-start elementor-mobile-position-block-start elementor-widget elementor-widget-icon-box\" data-id=\"d8cb418\" data-element_type=\"widget\" data-e-type=\"widget\" data-widget_type=\"icon-box.default\">\n\t\t\t\t<div class=\"elementor-widget-container\">\n\t\t\t\t\t\t\t<div class=\"elementor-icon-box-wrapper\">\n\n\t\t\t\t\t\t<div class=\"elementor-icon-box-icon\">\n\t\t\t\t<a href=\"tel:+19153142363\" class=\"elementor-icon\" tabindex=\"-1\" aria-label=\"Ll\u00e1manos\">\n\t\t\t\t<i aria-hidden=\"true\" class=\"fas fa-phone-alt\"><\/i>\t\t\t\t<\/a>\n\t\t\t<\/div>\n\t\t\t\n\t\t\t\t\t\t<div class=\"elementor-icon-box-content\">\n\n\t\t\t\t\t\t\t\t\t<h4 class=\"elementor-icon-box-title\">\n\t\t\t\t\t\t<a href=\"tel:+19153142363\" >\n\t\t\t\t\t\t\tLl\u00e1manos\t\t\t\t\t\t<\/a>\n\t\t\t\t\t<\/h4>\n\t\t\t\t\n\t\t\t\t\t\t\t\t\t<p class=\"elementor-icon-box-description\">\n\t\t\t\t\t\t+1 (915) 314 2363\t\t\t\t\t<\/p>\n\t\t\t\t\n\t\t\t<\/div>\n\t\t\t\n\t\t<\/div>\n\t\t\t\t\t\t<\/div>\n\t\t\t\t<\/div>\n\t\t\t\t\t<\/div>\n\t\t<\/div>\n\t\t\t\t<div class=\"elementor-column elementor-col-33 elementor-inner-column elementor-element elementor-element-2dcd8b1\" data-id=\"2dcd8b1\" data-element_type=\"column\" data-e-type=\"column\">\n\t\t\t<div class=\"elementor-widget-wrap elementor-element-populated\">\n\t\t\t\t\t\t<div class=\"elementor-element elementor-element-efd7362 elementor-view-default elementor-position-block-start elementor-mobile-position-block-start elementor-widget elementor-widget-icon-box\" data-id=\"efd7362\" data-element_type=\"widget\" data-e-type=\"widget\" data-widget_type=\"icon-box.default\">\n\t\t\t\t<div class=\"elementor-widget-container\">\n\t\t\t\t\t\t\t<div class=\"elementor-icon-box-wrapper\">\n\n\t\t\t\t\t\t<div class=\"elementor-icon-box-icon\">\n\t\t\t\t<a href=\"https:\/\/www.google.com\/maps?q=600+Sunland+Park+Drive+Building+%231,+Suite+100,+El+Paso,+TX+79912&#038;rlz=1C5CHFA_enMX901MX901&#038;um=1&#038;ie=UTF-8&#038;sa=X&#038;ved=2ahUKEwik-Zam5er3AhVNrmoFHaplBGkQ_AUoAXoECAEQAw\" class=\"elementor-icon\" tabindex=\"-1\" aria-label=\"Encu\u00e9ntranos\">\n\t\t\t\t<i aria-hidden=\"true\" class=\"fas fa-map-marker-alt\"><\/i>\t\t\t\t<\/a>\n\t\t\t<\/div>\n\t\t\t\n\t\t\t\t\t\t<div class=\"elementor-icon-box-content\">\n\n\t\t\t\t\t\t\t\t\t<h4 class=\"elementor-icon-box-title\">\n\t\t\t\t\t\t<a href=\"https:\/\/www.google.com\/maps?q=600+Sunland+Park+Drive+Building+%231,+Suite+100,+El+Paso,+TX+79912&#038;rlz=1C5CHFA_enMX901MX901&#038;um=1&#038;ie=UTF-8&#038;sa=X&#038;ved=2ahUKEwik-Zam5er3AhVNrmoFHaplBGkQ_AUoAXoECAEQAw\" >\n\t\t\t\t\t\t\tEncu\u00e9ntranos\t\t\t\t\t\t<\/a>\n\t\t\t\t\t<\/h4>\n\t\t\t\t\n\t\t\t\t\t\t\t\t\t<p class=\"elementor-icon-box-description\">\n\t\t\t\t\t\t2523 Montana Avenue<br>\nEl Paso TX 79903\n\t\t\t\t\t<\/p>\n\t\t\t\t\n\t\t\t<\/div>\n\t\t\t\n\t\t<\/div>\n\t\t\t\t\t\t<\/div>\n\t\t\t\t<\/div>\n\t\t\t\t\t<\/div>\n\t\t<\/div>\n\t\t\t\t\t<\/div>\n\t\t<\/section>\n\t\t\t\t\t<\/div>\n\t\t<\/div>\n\t\t\t\t\t<\/div>\n\t\t<\/section>\n\t\t\t\t<\/div>\n\t\t","protected":false},"excerpt":{"rendered":"<p>\u00a1CU\u00c9NTANOS TU CASO! En Villar&amp;Garc\u00eda estamos para ayudarte. \u00bfNecesitas ayuda con tus tr\u00e1mites? Please enable JavaScript in your browser to complete this form.Name *FirstLastEmailComment or Message Send Message Correo electr\u00f3nico info@villargarcia.com Ll\u00e1manos +1 (915) 314 2363 Encu\u00e9ntranos 2523 Montana Avenue El Paso TX 79903<\/p>","protected":false},"author":1,"featured_media":0,"parent":0,"menu_order":0,"comment_status":"closed","ping_status":"closed","template":"","meta":{"site-sidebar-layout":"no-sidebar","site-content-layout":"page-builder","ast-global-header-display":"","ast-main-header-display":"","ast-hfb-above-header-display":"","ast-hfb-below-header-display":"","ast-hfb-mobile-header-display":"","site-post-title":"disabled","ast-breadcrumbs-content":"disabled","ast-featured-img":"disabled","footer-sml-layout":"","theme-transparent-header-meta":"enabled","adv-header-id-meta":"","stick-header-meta":"","header-above-stick-meta":"","header-main-stick-meta":"","header-below-stick-meta":"","footnotes":""},"class_list":["post-17","page","type-page","status-publish","hentry"],"yoast_head":"<!-- This site is optimized with the Yoast SEO plugin v27.4 - https:\/\/yoast.com\/product\/yoast-seo-wordpress\/ -->\n<title>HAZ TU CITA - VILLAR&amp;GARC\u00cdA<\/title>\n<meta name=\"description\" content=\"\u00a1CU\u00c9NTANOS TU CASO! En Villar&amp;Garc\u00eda estamos para ayudarte. \u00bfNecesitas ayuda con tus tr\u00e1mites? Correo electr\u00f3nico info@villargarcia.com Ll\u00e1manos +1 (915) 314 2363 Encu\u00e9ntranos 600 Sunland Park Drive Building #1 Suite 600 El Paso, TX 79912\" \/>\n<meta name=\"robots\" content=\"index, follow, max-snippet:-1, max-image-preview:large, max-video-preview:-1\" \/>\n<link rel=\"canonical\" href=\"https:\/\/villargarcia.com\/en\/contacto\/\" \/>\n<meta property=\"og:locale\" content=\"en_US\" \/>\n<meta property=\"og:type\" content=\"article\" \/>\n<meta property=\"og:title\" content=\"HAZ TU CITA - VILLAR&amp;GARC\u00cdA\" \/>\n<meta property=\"og:description\" content=\"\u00a1CU\u00c9NTANOS TU CASO! En Villar&amp;Garc\u00eda estamos para ayudarte. \u00bfNecesitas ayuda con tus tr\u00e1mites? Correo electr\u00f3nico info@villargarcia.com Ll\u00e1manos +1 (915) 314 2363 Encu\u00e9ntranos 600 Sunland Park Drive Building #1 Suite 600 El Paso, TX 79912\" \/>\n<meta property=\"og:url\" content=\"https:\/\/villargarcia.com\/en\/contacto\/\" \/>\n<meta property=\"og:site_name\" content=\"VILLAR&amp;GARC\u00cdA\" \/>\n<meta property=\"article:modified_time\" content=\"2026-03-06T17:32:39+00:00\" \/>\n<meta name=\"twitter:card\" content=\"summary_large_image\" \/>\n<meta name=\"twitter:label1\" content=\"Est. reading time\" \/>\n\t<meta name=\"twitter:data1\" content=\"1 minute\" \/>\n<script type=\"application\/ld+json\" class=\"yoast-schema-graph\">{\"@context\":\"https:\\\/\\\/schema.org\",\"@graph\":[{\"@type\":\"WebPage\",\"@id\":\"https:\\\/\\\/villargarcia.com\\\/contacto\\\/\",\"url\":\"https:\\\/\\\/villargarcia.com\\\/contacto\\\/\",\"name\":\"HAZ TU CITA - VILLAR&amp;GARC\u00cdA\",\"isPartOf\":{\"@id\":\"https:\\\/\\\/villargarcia.com\\\/#website\"},\"datePublished\":\"2021-03-05T20:12:02+00:00\",\"dateModified\":\"2026-03-06T17:32:39+00:00\",\"description\":\"\u00a1CU\u00c9NTANOS TU CASO! En Villar&Garc\u00eda estamos para ayudarte. \u00bfNecesitas ayuda con tus tr\u00e1mites? Correo electr\u00f3nico info@villargarcia.com Ll\u00e1manos +1 (915) 314 2363 Encu\u00e9ntranos 600 Sunland Park Drive Building #1 Suite 600 El Paso, TX 79912\",\"breadcrumb\":{\"@id\":\"https:\\\/\\\/villargarcia.com\\\/contacto\\\/#breadcrumb\"},\"inLanguage\":\"en-US\",\"potentialAction\":[{\"@type\":\"ReadAction\",\"target\":[\"https:\\\/\\\/villargarcia.com\\\/contacto\\\/\"]}]},{\"@type\":\"BreadcrumbList\",\"@id\":\"https:\\\/\\\/villargarcia.com\\\/contacto\\\/#breadcrumb\",\"itemListElement\":[{\"@type\":\"ListItem\",\"position\":1,\"name\":\"Home\",\"item\":\"https:\\\/\\\/villargarcia.com\\\/\"},{\"@type\":\"ListItem\",\"position\":2,\"name\":\"HAZ TU CITA\"}]},{\"@type\":\"WebSite\",\"@id\":\"https:\\\/\\\/villargarcia.com\\\/#website\",\"url\":\"https:\\\/\\\/villargarcia.com\\\/\",\"name\":\"VILLAR&amp;GARC\u00cdA\",\"description\":\"Lawyers in Texas\",\"publisher\":{\"@id\":\"https:\\\/\\\/villargarcia.com\\\/#organization\"},\"potentialAction\":[{\"@type\":\"SearchAction\",\"target\":{\"@type\":\"EntryPoint\",\"urlTemplate\":\"https:\\\/\\\/villargarcia.com\\\/?s={search_term_string}\"},\"query-input\":{\"@type\":\"PropertyValueSpecification\",\"valueRequired\":true,\"valueName\":\"search_term_string\"}}],\"inLanguage\":\"en-US\"},{\"@type\":\"Organization\",\"@id\":\"https:\\\/\\\/villargarcia.com\\\/#organization\",\"name\":\"VILLAR&amp;GARC\u00cdA\",\"url\":\"https:\\\/\\\/villargarcia.com\\\/\",\"logo\":{\"@type\":\"ImageObject\",\"inLanguage\":\"en-US\",\"@id\":\"https:\\\/\\\/villargarcia.com\\\/#\\\/schema\\\/logo\\\/image\\\/\",\"url\":\"https:\\\/\\\/villargarcia.com\\\/wp-content\\\/uploads\\\/2023\\\/05\\\/villar-logo-blanco.png\",\"contentUrl\":\"https:\\\/\\\/villargarcia.com\\\/wp-content\\\/uploads\\\/2023\\\/05\\\/villar-logo-blanco.png\",\"width\":1066,\"height\":582,\"caption\":\"VILLAR&amp;GARC\u00cdA\"},\"image\":{\"@id\":\"https:\\\/\\\/villargarcia.com\\\/#\\\/schema\\\/logo\\\/image\\\/\"}}]}<\/script>\n<!-- \/ Yoast SEO plugin. -->","yoast_head_json":{"title":"HAZ TU CITA - VILLAR&amp;GARC\u00cdA","description":"\u00a1CU\u00c9NTANOS TU CASO! En Villar&Garc\u00eda estamos para ayudarte. \u00bfNecesitas ayuda con tus tr\u00e1mites? Correo electr\u00f3nico info@villargarcia.com Ll\u00e1manos +1 (915) 314 2363 Encu\u00e9ntranos 600 Sunland Park Drive Building #1 Suite 600 El Paso, TX 79912","robots":{"index":"index","follow":"follow","max-snippet":"max-snippet:-1","max-image-preview":"max-image-preview:large","max-video-preview":"max-video-preview:-1"},"canonical":"https:\/\/villargarcia.com\/en\/contacto\/","og_locale":"en_US","og_type":"article","og_title":"HAZ TU CITA - VILLAR&amp;GARC\u00cdA","og_description":"\u00a1CU\u00c9NTANOS TU CASO! En Villar&Garc\u00eda estamos para ayudarte. \u00bfNecesitas ayuda con tus tr\u00e1mites? Correo electr\u00f3nico info@villargarcia.com Ll\u00e1manos +1 (915) 314 2363 Encu\u00e9ntranos 600 Sunland Park Drive Building #1 Suite 600 El Paso, TX 79912","og_url":"https:\/\/villargarcia.com\/en\/contacto\/","og_site_name":"VILLAR&amp;GARC\u00cdA","article_modified_time":"2026-03-06T17:32:39+00:00","twitter_card":"summary_large_image","twitter_misc":{"Est. reading time":"1 minute"},"schema":{"@context":"https:\/\/schema.org","@graph":[{"@type":"WebPage","@id":"https:\/\/villargarcia.com\/contacto\/","url":"https:\/\/villargarcia.com\/contacto\/","name":"HAZ TU CITA - VILLAR&amp;GARC\u00cdA","isPartOf":{"@id":"https:\/\/villargarcia.com\/#website"},"datePublished":"2021-03-05T20:12:02+00:00","dateModified":"2026-03-06T17:32:39+00:00","description":"\u00a1CU\u00c9NTANOS TU CASO! En Villar&Garc\u00eda estamos para ayudarte. \u00bfNecesitas ayuda con tus tr\u00e1mites? Correo electr\u00f3nico info@villargarcia.com Ll\u00e1manos +1 (915) 314 2363 Encu\u00e9ntranos 600 Sunland Park Drive Building #1 Suite 600 El Paso, TX 79912","breadcrumb":{"@id":"https:\/\/villargarcia.com\/contacto\/#breadcrumb"},"inLanguage":"en-US","potentialAction":[{"@type":"ReadAction","target":["https:\/\/villargarcia.com\/contacto\/"]}]},{"@type":"BreadcrumbList","@id":"https:\/\/villargarcia.com\/contacto\/#breadcrumb","itemListElement":[{"@type":"ListItem","position":1,"name":"Home","item":"https:\/\/villargarcia.com\/"},{"@type":"ListItem","position":2,"name":"HAZ TU CITA"}]},{"@type":"WebSite","@id":"https:\/\/villargarcia.com\/#website","url":"https:\/\/villargarcia.com\/","name":"VILLAR&amp;GARC\u00cdA","description":"Lawyers in Texas","publisher":{"@id":"https:\/\/villargarcia.com\/#organization"},"potentialAction":[{"@type":"SearchAction","target":{"@type":"EntryPoint","urlTemplate":"https:\/\/villargarcia.com\/?s={search_term_string}"},"query-input":{"@type":"PropertyValueSpecification","valueRequired":true,"valueName":"search_term_string"}}],"inLanguage":"en-US"},{"@type":"Organization","@id":"https:\/\/villargarcia.com\/#organization","name":"VILLAR&amp;GARC\u00cdA","url":"https:\/\/villargarcia.com\/","logo":{"@type":"ImageObject","inLanguage":"en-US","@id":"https:\/\/villargarcia.com\/#\/schema\/logo\/image\/","url":"https:\/\/villargarcia.com\/wp-content\/uploads\/2023\/05\/villar-logo-blanco.png","contentUrl":"https:\/\/villargarcia.com\/wp-content\/uploads\/2023\/05\/villar-logo-blanco.png","width":1066,"height":582,"caption":"VILLAR&amp;GARC\u00cdA"},"image":{"@id":"https:\/\/villargarcia.com\/#\/schema\/logo\/image\/"}}]}},"brizy_media":[],"_links":{"self":[{"href":"https:\/\/villargarcia.com\/en\/wp-json\/wp\/v2\/pages\/17","targetHints":{"allow":["GET"]}}],"collection":[{"href":"https:\/\/villargarcia.com\/en\/wp-json\/wp\/v2\/pages"}],"about":[{"href":"https:\/\/villargarcia.com\/en\/wp-json\/wp\/v2\/types\/page"}],"author":[{"embeddable":true,"href":"https:\/\/villargarcia.com\/en\/wp-json\/wp\/v2\/users\/1"}],"replies":[{"embeddable":true,"href":"https:\/\/villargarcia.com\/en\/wp-json\/wp\/v2\/comments?post=17"}],"version-history":[{"count":5,"href":"https:\/\/villargarcia.com\/en\/wp-json\/wp\/v2\/pages\/17\/revisions"}],"predecessor-version":[{"id":2169,"href":"https:\/\/villargarcia.com\/en\/wp-json\/wp\/v2\/pages\/17\/revisions\/2169"}],"wp:attachment":[{"href":"https:\/\/villargarcia.com\/en\/wp-json\/wp\/v2\/media?parent=17"}],"curies":[{"name":"wp","href":"https:\/\/api.w.org\/{rel}","templated":true}]}}