{"id":3,"date":"2022-05-12T18:30:18","date_gmt":"2022-05-12T18:30:18","guid":{"rendered":"https:\/\/villargarcia.com\/?page_id=3"},"modified":"2022-05-19T05:11:56","modified_gmt":"2022-05-19T05:11:56","slug":"aviso-privacidad","status":"publish","type":"page","link":"https:\/\/villargarcia.com\/en\/aviso-privacidad\/","title":{"rendered":"PRIVACY POLICY"},"content":{"rendered":"<h2 class=\"wp-block-heading\">WHO ARE WE?<\/h2>\n\n\n\n<p><strong class=\"privacy-policy-tutorial\"><span style=\"background-color: rgba(87, 82, 80, 0.2);\">VILLAR&amp;GARC\u00cdA LLC<\/span>\u00a0 with fiscal address at 600 Sunland Park Drive Building #1, Suite 100, El Paso, TX 79912, will use your personal data collected here to promote the marketing of the brand's products.\u00a0For more information about the treatment and the rights you can assert, you can access the complete privacy notice through our offices located at the address mentioned above:<\/strong>: <\/p>\n\n\n\n<p><a href=\"https:\/\/villargarcia.com\/en\/\">https:\/\/villargarcia.com<\/a><\/p>\n\n\n\n<h2 class=\"wp-block-heading\">IDENTITY AND ADDRESS OF THE PERSON RESPONSIBLE FOR YOUR PERSONAL DATA:<\/h2>\n\n\n\n<p><strong class=\"privacy-policy-tutorial\"><strong class=\"privacy-policy-tutorial\"><span style=\"background-color: rgba(87, 82, 80, 0.2);\">VILLAR&amp;GARC\u00cdA LLC<\/span>\u00a0<\/strong>, located at\u00a0<strong>600 Sunland Park Drive Building #1, Suite 100, El Paso, TX 79912<\/strong> , is responsible for the use and protection of your personal data.<\/strong><\/p>\n\n\n\n<h2 class=\"wp-block-heading\">WHY DO WE COLLECT YOUR DATA?<\/h2>\n\n\n\n<p><strong class=\"privacy-policy-tutorial\">Additionally, we will use your personal information for the following secondary purposes that are not necessary to provide you with the requested service, however, they allow and facilitate us to provide you with a better service: to evaluate the quality of the service and to carry out internal studies on consumer habits. If you do not want your personal data to be used for the secondary purposes described above, please send an email to: villarandgarcia@gmail.com.\u00a0Personal data collected and non-processing of sensitive personal data.<\/strong><\/p>\n\n\n\n<p><strong>The data we collect to carry out the purposes in this privacy notice are:<\/strong><br>Name, Nationality, Immigration Document, Date of Birth, Occupation, Marital Status, Regime, Address, RFC, CURP, Salary, Other Income, Telephones (mobile, home and office), Social Security Number, E-mail, Company. As well as the following data of the spouse when he\/she is married by the regime of conjugal partnership and\/or participates in the credit: Name, Nationality, Date of Birth, R.F.C., Cellular, Social Security Number, Migratory Document, <strong class=\"privacy-policy-tutorial\"><span style=\"background-color: rgba(87, 82, 80, 0.2);\">VILLAR&amp;GARC\u00cdA LLC<\/span>\u00a0<\/strong> does not collect or process sensitive personal data.<\/p>\n\n\n\n<h2 class=\"wp-block-heading\">TRANSFER OF PERSONAL DATA TO THIRD PARTIES<\/h2>\n\n\n\n<p><strong class=\"privacy-policy-tutorial\">We inform you that your personal information is shared within the country with external consultants, solely for promotional and commercial purposes. We undertake not to transfer your personal information to third parties without your consent, except for the exceptions provided in Article 37 of the Federal Law on Protection of Personal Data Held by Private Parties, as well as to make this transfer under the terms set forth in that law. If you do not express your opposition to e-mail <strong class=\"privacy-policy-tutorial\">villarandgarcia@gmail.com<\/strong>\u00a0to have your personal data transferred, it will be understood that you have given your consent.<\/strong><\/p>\n\n\n\n<h2 class=\"wp-block-heading\">ARCO RIGHTS<\/h2>\n\n\n\n<p><strong class=\"privacy-policy-tutorial\">You have the right to access your personal data in our possession and the details of their treatment, as well as to rectify them in case they are inaccurate or incomplete; cancel them when you consider that they are not required for any of the purposes indicated in this privacy notice, are being used for non-consensual purposes or the contractual or service relationship has ended, or oppose the treatment of them for specific purposes. The mechanism to exercise your ARCO rights is through the submission of the respective request by e-mail: <strong class=\"privacy-policy-tutorial\">villarandgarcia@gmail.com<\/strong>a) The name of the Data Subject, address and e-mail address to receive the response generated in response to your request. b) The reason for your request. c) The arguments supporting your request or petition. d) Official document proving your identity and demonstrating that you are who you claim to be. e) Clear and precise description of the personal data in respect of which you seek to exercise any of the ARCO rights and any other element or document that facilitates the <strong class=\"privacy-policy-tutorial\"><span style=\"background-color: rgba(87, 82, 80, 0.2);\">VILLAR&amp;GARC\u00cdA LLC<\/span>\u00a0<\/strong> will notify the Data Subject, within a maximum period of 20 business days from the date on which the request for access, rectification, cancellation or opposition was received, the resolution adopted, so that, if it is appropriate, it becomes effective within 15 business days from the date on which the response is communicated. In the case of requests for access to personal data, the delivery will be made upon proof of identity of the applicant or legal representative. For further information, <strong class=\"privacy-policy-tutorial\">villarandgarcia@gmail.com<\/strong> or visit our website <\/strong><a href=\"https:\/\/villargarcia.com\/en\/\"><strong class=\"privacy-policy-tutorial\">https:\/\/villargarcia.com<\/strong> <\/a><strong class=\"privacy-policy-tutorial\">privacy policies section.<\/strong><\/p>\n\n\n\n<h2 class=\"wp-block-heading\">HOW TO REVOKE YOUR CONSENT TO THE PROCESSING OF YOUR DATA?<\/h2>\n\n\n\n<p><strong class=\"privacy-policy-tutorial\">At any time, you may revoke the consent you have given us for the processing of your personal data, so that we stop using them. You must send your request to the mail: <strong class=\"privacy-policy-tutorial\">villarandgarcia@gmail.com<\/strong>\u00a0accompanied by the following information: Full name of the Holder, address, email, the arguments that support your request, official identification, date on which the revocation of consent becomes effective. Within a maximum period of 20 working days from the date on which the request was received, we will attend your request and will inform you about the origin of the same through a message containing that you have executed all the acts tending not to treat the personal data of the Data Subject.<\/strong><\/p>\n\n\n\n<h2 class=\"wp-block-heading\">HOW TO LIMIT THE USE OR DISCLOSURE OF YOUR PERSONAL DATA?<\/h2>\n\n\n\n<p><strong class=\"privacy-policy-tutorial\">You can stop receiving promotional messages by e-mail or postal mail advertising by sending a request to remove your data for these purposes to the e-mail:\u00a0<strong class=\"privacy-policy-tutorial\">villarandgarcia@gmail.com<\/strong>\u00a0Advertising mailings may contain opt-out instructions.<\/strong><\/p>\n\n\n\n<h2 class=\"wp-block-heading\">COOKIES<\/h2>\n\n\n\n<p>Cookies are text files that are automatically downloaded and stored on the hard disk of the user's computer equipment when browsing a specific Internet page, which allow the Internet server to remember some information about this user, including your preferences for viewing pages on that server, name and password. We inform you that we use cookies to obtain personal information about you, such as the following: your browser type and operating system, the Internet pages you visit, the links you follow, the IP address, the site you visited before entering our site. These cookies and other technologies can be disabled by following the instructions below: On a PC: open the Internet browser, enter the \"Tools\" menu, enter \"Internet Options\", choose the \"Privacy\" tab, move the settings cursor to \"Block all Cookies\". On a Mac: open the Internet application, go to \"Preferences\", choose the \"Security\" option, choose \"Never\" in the \"Accept Cookies\" option.<\/p>\n\n\n\n<p>If you believe that your right to protection of personal data has been violated by any conduct of our employees or our actions or responses, you may file a complaint or denunciation before the IFAI, for more information visit www.ifai.org.mx.<\/p>\n\n\n\n<h2 class=\"wp-block-heading\">MODIFICATION OF THE PRIVACY POLICY<\/h2>\n\n\n\n<p>We reserve the right to change, modify, supplement and\/or alter this notice at any time, in which case we will inform you through the link: <a href=\"https:\/\/villargarcia.com\/en\/\"><strong class=\"privacy-policy-tutorial\">https:\/\/villargarcia.com<\/strong><\/a><\/p>\n\n\n\n<p>And then accessing our privacy notice.<\/p>\n\n\n\n<p>\u00daltima actualizaci\u00f3n: MAYO 2022.<\/p>","protected":false},"excerpt":{"rendered":"<p>\u00bfQUI\u00c9NES SOMOS? VILLAR&amp;GARC\u00cdA LLC\u00a0 con domicilio fiscal en\u00a0600 Sunland Park Drive Building #1, Suite 100, El Paso, TX 79912,\u00a0utilizar\u00e1 sus datos personales aqu\u00ed recabados para promover la comercializaci\u00f3n de los productos de la marca.\u00a0Para mayor informaci\u00f3n acerca del tratamiento y de los derechos que puede hacer valer, puede acceder al aviso de privacidad completo a &hellip;<\/p>\n<p class=\"read-more\"> <a class=\"\" href=\"https:\/\/villargarcia.com\/en\/aviso-privacidad\/\"> <span class=\"screen-reader-text\">PRIVACY POLICY<\/span> Read More &raquo;<\/a><\/p>","protected":false},"author":1,"featured_media":0,"parent":0,"menu_order":0,"comment_status":"closed","ping_status":"open","template":"","meta":{"site-sidebar-layout":"default","site-content-layout":"default","ast-global-header-display":"","ast-main-header-display":"","ast-hfb-above-header-display":"","ast-hfb-below-header-display":"","ast-hfb-mobile-header-display":"","site-post-title":"","ast-breadcrumbs-content":"","ast-featured-img":"","footer-sml-layout":"","theme-transparent-header-meta":"","adv-header-id-meta":"","stick-header-meta":"","header-above-stick-meta":"","header-main-stick-meta":"","header-below-stick-meta":"","footnotes":""},"class_list":["post-3","page","type-page","status-publish","hentry"],"yoast_head":"<!-- This site is optimized with the Yoast SEO plugin v27.4 - https:\/\/yoast.com\/product\/yoast-seo-wordpress\/ -->\n<title>POL\u00cdTICA DE PRIVACIDAD - VILLAR&amp;GARC\u00cdA<\/title>\n<meta name=\"robots\" content=\"index, follow, max-snippet:-1, max-image-preview:large, max-video-preview:-1\" \/>\n<link rel=\"canonical\" href=\"https:\/\/villargarcia.com\/en\/aviso-privacidad\/\" \/>\n<meta property=\"og:locale\" content=\"en_US\" \/>\n<meta property=\"og:type\" content=\"article\" \/>\n<meta property=\"og:title\" content=\"POL\u00cdTICA DE PRIVACIDAD - VILLAR&amp;GARC\u00cdA\" \/>\n<meta property=\"og:description\" content=\"\u00bfQUI\u00c9NES SOMOS? VILLAR&amp;GARC\u00cdA LLC\u00a0 con domicilio fiscal en\u00a0600 Sunland Park Drive Building #1, Suite 100, El Paso, TX 79912,\u00a0utilizar\u00e1 sus datos personales aqu\u00ed recabados para promover la comercializaci\u00f3n de los productos de la marca.\u00a0Para mayor informaci\u00f3n acerca del tratamiento y de los derechos que puede hacer valer, puede acceder al aviso de privacidad completo a &hellip; POL\u00cdTICA DE PRIVACIDAD Read More &raquo;\" \/>\n<meta property=\"og:url\" content=\"https:\/\/villargarcia.com\/en\/aviso-privacidad\/\" \/>\n<meta property=\"og:site_name\" content=\"VILLAR&amp;GARC\u00cdA\" \/>\n<meta property=\"article:modified_time\" content=\"2022-05-19T05:11:56+00:00\" \/>\n<meta name=\"twitter:card\" content=\"summary_large_image\" \/>\n<meta name=\"twitter:label1\" content=\"Est. reading time\" \/>\n\t<meta name=\"twitter:data1\" content=\"6 minutes\" \/>\n<script type=\"application\/ld+json\" class=\"yoast-schema-graph\">{\"@context\":\"https:\\\/\\\/schema.org\",\"@graph\":[{\"@type\":\"WebPage\",\"@id\":\"https:\\\/\\\/villargarcia.com\\\/aviso-privacidad\\\/\",\"url\":\"https:\\\/\\\/villargarcia.com\\\/aviso-privacidad\\\/\",\"name\":\"POL\u00cdTICA DE PRIVACIDAD - VILLAR&amp;GARC\u00cdA\",\"isPartOf\":{\"@id\":\"https:\\\/\\\/villargarcia.com\\\/#website\"},\"datePublished\":\"2022-05-12T18:30:18+00:00\",\"dateModified\":\"2022-05-19T05:11:56+00:00\",\"breadcrumb\":{\"@id\":\"https:\\\/\\\/villargarcia.com\\\/aviso-privacidad\\\/#breadcrumb\"},\"inLanguage\":\"en-US\",\"potentialAction\":[{\"@type\":\"ReadAction\",\"target\":[\"https:\\\/\\\/villargarcia.com\\\/aviso-privacidad\\\/\"]}]},{\"@type\":\"BreadcrumbList\",\"@id\":\"https:\\\/\\\/villargarcia.com\\\/aviso-privacidad\\\/#breadcrumb\",\"itemListElement\":[{\"@type\":\"ListItem\",\"position\":1,\"name\":\"Home\",\"item\":\"https:\\\/\\\/villargarcia.com\\\/\"},{\"@type\":\"ListItem\",\"position\":2,\"name\":\"POL\u00cdTICA DE PRIVACIDAD\"}]},{\"@type\":\"WebSite\",\"@id\":\"https:\\\/\\\/villargarcia.com\\\/#website\",\"url\":\"https:\\\/\\\/villargarcia.com\\\/\",\"name\":\"VILLAR&amp;GARC\u00cdA\",\"description\":\"Lawyers in Texas\",\"publisher\":{\"@id\":\"https:\\\/\\\/villargarcia.com\\\/#organization\"},\"potentialAction\":[{\"@type\":\"SearchAction\",\"target\":{\"@type\":\"EntryPoint\",\"urlTemplate\":\"https:\\\/\\\/villargarcia.com\\\/?s={search_term_string}\"},\"query-input\":{\"@type\":\"PropertyValueSpecification\",\"valueRequired\":true,\"valueName\":\"search_term_string\"}}],\"inLanguage\":\"en-US\"},{\"@type\":\"Organization\",\"@id\":\"https:\\\/\\\/villargarcia.com\\\/#organization\",\"name\":\"VILLAR&amp;GARC\u00cdA\",\"url\":\"https:\\\/\\\/villargarcia.com\\\/\",\"logo\":{\"@type\":\"ImageObject\",\"inLanguage\":\"en-US\",\"@id\":\"https:\\\/\\\/villargarcia.com\\\/#\\\/schema\\\/logo\\\/image\\\/\",\"url\":\"https:\\\/\\\/villargarcia.com\\\/wp-content\\\/uploads\\\/2023\\\/05\\\/villar-logo-blanco.png\",\"contentUrl\":\"https:\\\/\\\/villargarcia.com\\\/wp-content\\\/uploads\\\/2023\\\/05\\\/villar-logo-blanco.png\",\"width\":1066,\"height\":582,\"caption\":\"VILLAR&amp;GARC\u00cdA\"},\"image\":{\"@id\":\"https:\\\/\\\/villargarcia.com\\\/#\\\/schema\\\/logo\\\/image\\\/\"}}]}<\/script>\n<!-- \/ Yoast SEO plugin. -->","yoast_head_json":{"title":"POL\u00cdTICA DE PRIVACIDAD - VILLAR&amp;GARC\u00cdA","robots":{"index":"index","follow":"follow","max-snippet":"max-snippet:-1","max-image-preview":"max-image-preview:large","max-video-preview":"max-video-preview:-1"},"canonical":"https:\/\/villargarcia.com\/en\/aviso-privacidad\/","og_locale":"en_US","og_type":"article","og_title":"POL\u00cdTICA DE PRIVACIDAD - VILLAR&amp;GARC\u00cdA","og_description":"\u00bfQUI\u00c9NES SOMOS? VILLAR&amp;GARC\u00cdA LLC\u00a0 con domicilio fiscal en\u00a0600 Sunland Park Drive Building #1, Suite 100, El Paso, TX 79912,\u00a0utilizar\u00e1 sus datos personales aqu\u00ed recabados para promover la comercializaci\u00f3n de los productos de la marca.\u00a0Para mayor informaci\u00f3n acerca del tratamiento y de los derechos que puede hacer valer, puede acceder al aviso de privacidad completo a &hellip; POL\u00cdTICA DE PRIVACIDAD Read More &raquo;","og_url":"https:\/\/villargarcia.com\/en\/aviso-privacidad\/","og_site_name":"VILLAR&amp;GARC\u00cdA","article_modified_time":"2022-05-19T05:11:56+00:00","twitter_card":"summary_large_image","twitter_misc":{"Est. reading time":"6 minutes"},"schema":{"@context":"https:\/\/schema.org","@graph":[{"@type":"WebPage","@id":"https:\/\/villargarcia.com\/aviso-privacidad\/","url":"https:\/\/villargarcia.com\/aviso-privacidad\/","name":"POL\u00cdTICA DE PRIVACIDAD - VILLAR&amp;GARC\u00cdA","isPartOf":{"@id":"https:\/\/villargarcia.com\/#website"},"datePublished":"2022-05-12T18:30:18+00:00","dateModified":"2022-05-19T05:11:56+00:00","breadcrumb":{"@id":"https:\/\/villargarcia.com\/aviso-privacidad\/#breadcrumb"},"inLanguage":"en-US","potentialAction":[{"@type":"ReadAction","target":["https:\/\/villargarcia.com\/aviso-privacidad\/"]}]},{"@type":"BreadcrumbList","@id":"https:\/\/villargarcia.com\/aviso-privacidad\/#breadcrumb","itemListElement":[{"@type":"ListItem","position":1,"name":"Home","item":"https:\/\/villargarcia.com\/"},{"@type":"ListItem","position":2,"name":"POL\u00cdTICA DE PRIVACIDAD"}]},{"@type":"WebSite","@id":"https:\/\/villargarcia.com\/#website","url":"https:\/\/villargarcia.com\/","name":"VILLAR&amp;GARC\u00cdA","description":"Lawyers in Texas","publisher":{"@id":"https:\/\/villargarcia.com\/#organization"},"potentialAction":[{"@type":"SearchAction","target":{"@type":"EntryPoint","urlTemplate":"https:\/\/villargarcia.com\/?s={search_term_string}"},"query-input":{"@type":"PropertyValueSpecification","valueRequired":true,"valueName":"search_term_string"}}],"inLanguage":"en-US"},{"@type":"Organization","@id":"https:\/\/villargarcia.com\/#organization","name":"VILLAR&amp;GARC\u00cdA","url":"https:\/\/villargarcia.com\/","logo":{"@type":"ImageObject","inLanguage":"en-US","@id":"https:\/\/villargarcia.com\/#\/schema\/logo\/image\/","url":"https:\/\/villargarcia.com\/wp-content\/uploads\/2023\/05\/villar-logo-blanco.png","contentUrl":"https:\/\/villargarcia.com\/wp-content\/uploads\/2023\/05\/villar-logo-blanco.png","width":1066,"height":582,"caption":"VILLAR&amp;GARC\u00cdA"},"image":{"@id":"https:\/\/villargarcia.com\/#\/schema\/logo\/image\/"}}]}},"brizy_media":[],"_links":{"self":[{"href":"https:\/\/villargarcia.com\/en\/wp-json\/wp\/v2\/pages\/3","targetHints":{"allow":["GET"]}}],"collection":[{"href":"https:\/\/villargarcia.com\/en\/wp-json\/wp\/v2\/pages"}],"about":[{"href":"https:\/\/villargarcia.com\/en\/wp-json\/wp\/v2\/types\/page"}],"author":[{"embeddable":true,"href":"https:\/\/villargarcia.com\/en\/wp-json\/wp\/v2\/users\/1"}],"replies":[{"embeddable":true,"href":"https:\/\/villargarcia.com\/en\/wp-json\/wp\/v2\/comments?post=3"}],"version-history":[{"count":2,"href":"https:\/\/villargarcia.com\/en\/wp-json\/wp\/v2\/pages\/3\/revisions"}],"predecessor-version":[{"id":1152,"href":"https:\/\/villargarcia.com\/en\/wp-json\/wp\/v2\/pages\/3\/revisions\/1152"}],"wp:attachment":[{"href":"https:\/\/villargarcia.com\/en\/wp-json\/wp\/v2\/media?parent=3"}],"curies":[{"name":"wp","href":"https:\/\/api.w.org\/{rel}","templated":true}]}}